{"id":44,"date":"2023-06-07T08:49:28","date_gmt":"2023-06-07T08:49:28","guid":{"rendered":"https:\/\/sumacarcer2035.com\/?page_id=44"},"modified":"2023-06-20T11:08:54","modified_gmt":"2023-06-20T09:08:54","slug":"que-volem","status":"publish","type":"page","link":"https:\/\/sumacarcer2035.com\/index.php\/que-volem\/","title":{"rendered":"QU\u00c8 VOLEM"},"content":{"rendered":"<p>En aix\u00f2 estem!<\/p>\n<p>Molt prompte estarem en disposici\u00f3 de definir detalladament ac\u00ed qu\u00e8 volem i com ho farem.<\/p>\n<p>A\u00e7\u00f2 nom\u00e9s \u00e9s el principi. Est\u00e0 tot per arribar.<\/p>\n<p>Vols unir-te?<\/p>\n<p><a href=\"https:\/\/forms.gle\/7n7QQDUPoy9gKEuB9\">https:\/\/forms.gle\/7n7QQDUPoy9gKEuB9<\/a><\/p>\n<p>&nbsp;<\/p>\n","protected":false},"excerpt":{"rendered":"<p>En aix\u00f2 estem! Molt prompte estarem en disposici\u00f3 de definir detalladament ac\u00ed qu\u00e8 volem i com ho farem. A\u00e7\u00f2 nom\u00e9s \u00e9s el principi. Est\u00e0 tot per arribar. Vols unir-te? https:\/\/forms.gle\/7n7QQDUPoy9gKEuB9<\/p>\n","protected":false},"author":2,"featured_media":0,"parent":0,"menu_order":0,"comment_status":"closed","ping_status":"closed","template":"","meta":[],"_links":{"self":[{"href":"https:\/\/sumacarcer2035.com\/index.php\/wp-json\/wp\/v2\/pages\/44"}],"collection":[{"href":"https:\/\/sumacarcer2035.com\/index.php\/wp-json\/wp\/v2\/pages"}],"about":[{"href":"https:\/\/sumacarcer2035.com\/index.php\/wp-json\/wp\/v2\/types\/page"}],"author":[{"embeddable":true,"href":"https:\/\/sumacarcer2035.com\/index.php\/wp-json\/wp\/v2\/users\/2"}],"replies":[{"embeddable":true,"href":"https:\/\/sumacarcer2035.com\/index.php\/wp-json\/wp\/v2\/comments?post=44"}],"version-history":[{"count":4,"href":"https:\/\/sumacarcer2035.com\/index.php\/wp-json\/wp\/v2\/pages\/44\/revisions"}],"predecessor-version":[{"id":84,"href":"https:\/\/sumacarcer2035.com\/index.php\/wp-json\/wp\/v2\/pages\/44\/revisions\/84"}],"wp:attachment":[{"href":"https:\/\/sumacarcer2035.com\/index.php\/wp-json\/wp\/v2\/media?parent=44"}],"curies":[{"name":"wp","href":"https:\/\/api.w.org\/{rel}","templated":true}]}}